{"id":15,"date":"2026-01-21T09:37:19","date_gmt":"2026-01-21T09:37:19","guid":{"rendered":"http:\/\/cpakkcb.cluster121.hosting.ovh.net\/?page_id=15"},"modified":"2026-01-21T14:48:57","modified_gmt":"2026-01-21T14:48:57","slug":"a-propos","status":"publish","type":"page","link":"https:\/\/id-ingenierie-tmd.com\/index.php\/a-propos\/","title":{"rendered":"A propos"},"content":{"rendered":"\t\t<div data-elementor-type=\"wp-page\" data-elementor-id=\"15\" class=\"elementor elementor-15\">\n\t\t\t\t<div class=\"elementor-element elementor-element-47b3835f e-flex e-con-boxed e-con e-parent\" data-id=\"47b3835f\" data-element_type=\"container\">\n\t\t\t\t\t<div class=\"e-con-inner\">\n\t\t\t\t<div class=\"elementor-element elementor-element-4641faf0 elementor-widget elementor-widget-text-editor\" data-id=\"4641faf0\" data-element_type=\"widget\" data-widget_type=\"text-editor.default\">\n\t\t\t\t\t\t\t\t\t\n<p>Depuis sa cr\u00e9ation, le <strong>Groupe ID \u2013 Ing\u00e9nierie \u2013 TMD<\/strong> intervient dans des projets d\u2019envergure en Guin\u00e9e, alliant expertise technique et solutions innovantes dans les domaines du <strong>BTP<\/strong>, des <strong>VRD<\/strong>, du <strong>consulting<\/strong>, et de la <strong>formation professionnelle<\/strong>.<\/p>\n\n<p><strong>Nos valeurs<\/strong><\/p>\n\n<ul class=\"wp-block-list\">\n<li><strong>S\u00e9curit\u00e9 &amp; conformit\u00e9 technique<\/strong><\/li>\n\n<li><strong>Innovation &amp; ing\u00e9nierie durable<\/strong><\/li>\n\n<li><strong>Respect des d\u00e9lais<\/strong><\/li>\n\n<li><strong>Performance &amp; optimisation des projets<\/strong><\/li>\n<\/ul>\n\t\t\t\t\t\t\t\t<\/div>\n\t\t\t\t\t<\/div>\n\t\t\t\t<\/div>\n\t\t\t\t<\/div>\n\t\t","protected":false},"excerpt":{"rendered":"<p>Depuis sa cr\u00e9ation, le Groupe ID \u2013 Ing\u00e9nierie \u2013 TMD intervient dans des projets d\u2019envergure en Guin\u00e9e, alliant expertise technique et solutions innovantes dans les domaines du BTP, des VRD, du consulting, et de la formation professionnelle. Nos valeurs<\/p>\n","protected":false},"author":1,"featured_media":0,"parent":0,"menu_order":0,"comment_status":"closed","ping_status":"closed","template":"","meta":{"_eb_attr":"","footnotes":""},"class_list":["post-15","page","type-page","status-publish","hentry"],"yoast_head":"<!-- This site is optimized with the Yoast SEO plugin v26.8 - https:\/\/yoast.com\/product\/yoast-seo-wordpress\/ -->\n<title>A propos - GROUPE ID-INGENIERIE-TMD<\/title>\n<meta name=\"robots\" content=\"noindex, follow, max-snippet:-1, max-image-preview:large, max-video-preview:-1\" \/>\n<meta property=\"og:locale\" content=\"fr_FR\" \/>\n<meta property=\"og:type\" content=\"article\" \/>\n<meta property=\"og:title\" content=\"A propos - GROUPE ID-INGENIERIE-TMD\" \/>\n<meta property=\"og:description\" content=\"Depuis sa cr\u00e9ation, le Groupe ID \u2013 Ing\u00e9nierie \u2013 TMD intervient dans des projets d\u2019envergure en Guin\u00e9e, alliant expertise technique et solutions innovantes dans les domaines du BTP, des VRD, du consulting, et de la formation professionnelle. Nos valeurs\" \/>\n<meta property=\"og:url\" content=\"https:\/\/id-ingenierie-tmd.com\/index.php\/a-propos\/\" \/>\n<meta property=\"og:site_name\" content=\"GROUPE ID-INGENIERIE-TMD\" \/>\n<meta property=\"article:modified_time\" content=\"2026-01-21T14:48:57+00:00\" \/>\n<meta name=\"twitter:card\" content=\"summary_large_image\" \/>\n<meta name=\"twitter:label1\" content=\"Dur\u00e9e de lecture estim\u00e9e\" \/>\n\t<meta name=\"twitter:data1\" content=\"1 minute\" \/>\n<script type=\"application\/ld+json\" class=\"yoast-schema-graph\">{\"@context\":\"https:\/\/schema.org\",\"@graph\":[{\"@type\":\"WebPage\",\"@id\":\"https:\/\/id-ingenierie-tmd.com\/index.php\/a-propos\/\",\"url\":\"https:\/\/id-ingenierie-tmd.com\/index.php\/a-propos\/\",\"name\":\"A propos - GROUPE ID-INGENIERIE-TMD\",\"isPartOf\":{\"@id\":\"https:\/\/id-ingenierie-tmd.com\/#website\"},\"datePublished\":\"2026-01-21T09:37:19+00:00\",\"dateModified\":\"2026-01-21T14:48:57+00:00\",\"breadcrumb\":{\"@id\":\"https:\/\/id-ingenierie-tmd.com\/index.php\/a-propos\/#breadcrumb\"},\"inLanguage\":\"fr-FR\",\"potentialAction\":[{\"@type\":\"ReadAction\",\"target\":[\"https:\/\/id-ingenierie-tmd.com\/index.php\/a-propos\/\"]}]},{\"@type\":\"BreadcrumbList\",\"@id\":\"https:\/\/id-ingenierie-tmd.com\/index.php\/a-propos\/#breadcrumb\",\"itemListElement\":[{\"@type\":\"ListItem\",\"position\":1,\"name\":\"Accueil\",\"item\":\"https:\/\/id-ingenierie-tmd.com\/\"},{\"@type\":\"ListItem\",\"position\":2,\"name\":\"A propos\"}]},{\"@type\":\"WebSite\",\"@id\":\"https:\/\/id-ingenierie-tmd.com\/#website\",\"url\":\"https:\/\/id-ingenierie-tmd.com\/\",\"name\":\"GROUPE ID-INGENIERIE-TMD\",\"description\":\"Votre vision. Notre ing\u00e9nierie. Un projet abouti.\",\"publisher\":{\"@id\":\"https:\/\/id-ingenierie-tmd.com\/#organization\"},\"potentialAction\":[{\"@type\":\"SearchAction\",\"target\":{\"@type\":\"EntryPoint\",\"urlTemplate\":\"https:\/\/id-ingenierie-tmd.com\/?s={search_term_string}\"},\"query-input\":{\"@type\":\"PropertyValueSpecification\",\"valueRequired\":true,\"valueName\":\"search_term_string\"}}],\"inLanguage\":\"fr-FR\"},{\"@type\":\"Organization\",\"@id\":\"https:\/\/id-ingenierie-tmd.com\/#organization\",\"name\":\"GROUPE ID-INGENIERIE-TMD\",\"url\":\"https:\/\/id-ingenierie-tmd.com\/\",\"logo\":{\"@type\":\"ImageObject\",\"inLanguage\":\"fr-FR\",\"@id\":\"https:\/\/id-ingenierie-tmd.com\/#\/schema\/logo\/image\/\",\"url\":\"https:\/\/id-ingenierie-tmd.com\/wp-content\/uploads\/2026\/01\/cropped-cropped-LOG-2-1-1.png\",\"contentUrl\":\"https:\/\/id-ingenierie-tmd.com\/wp-content\/uploads\/2026\/01\/cropped-cropped-LOG-2-1-1.png\",\"width\":410,\"height\":442,\"caption\":\"GROUPE ID-INGENIERIE-TMD\"},\"image\":{\"@id\":\"https:\/\/id-ingenierie-tmd.com\/#\/schema\/logo\/image\/\"}}]}<\/script>\n<!-- \/ Yoast SEO plugin. -->","yoast_head_json":{"title":"A propos - GROUPE ID-INGENIERIE-TMD","robots":{"index":"noindex","follow":"follow","max-snippet":"max-snippet:-1","max-image-preview":"max-image-preview:large","max-video-preview":"max-video-preview:-1"},"og_locale":"fr_FR","og_type":"article","og_title":"A propos - GROUPE ID-INGENIERIE-TMD","og_description":"Depuis sa cr\u00e9ation, le Groupe ID \u2013 Ing\u00e9nierie \u2013 TMD intervient dans des projets d\u2019envergure en Guin\u00e9e, alliant expertise technique et solutions innovantes dans les domaines du BTP, des VRD, du consulting, et de la formation professionnelle. Nos valeurs","og_url":"https:\/\/id-ingenierie-tmd.com\/index.php\/a-propos\/","og_site_name":"GROUPE ID-INGENIERIE-TMD","article_modified_time":"2026-01-21T14:48:57+00:00","twitter_card":"summary_large_image","twitter_misc":{"Dur\u00e9e de lecture estim\u00e9e":"1 minute"},"schema":{"@context":"https:\/\/schema.org","@graph":[{"@type":"WebPage","@id":"https:\/\/id-ingenierie-tmd.com\/index.php\/a-propos\/","url":"https:\/\/id-ingenierie-tmd.com\/index.php\/a-propos\/","name":"A propos - GROUPE ID-INGENIERIE-TMD","isPartOf":{"@id":"https:\/\/id-ingenierie-tmd.com\/#website"},"datePublished":"2026-01-21T09:37:19+00:00","dateModified":"2026-01-21T14:48:57+00:00","breadcrumb":{"@id":"https:\/\/id-ingenierie-tmd.com\/index.php\/a-propos\/#breadcrumb"},"inLanguage":"fr-FR","potentialAction":[{"@type":"ReadAction","target":["https:\/\/id-ingenierie-tmd.com\/index.php\/a-propos\/"]}]},{"@type":"BreadcrumbList","@id":"https:\/\/id-ingenierie-tmd.com\/index.php\/a-propos\/#breadcrumb","itemListElement":[{"@type":"ListItem","position":1,"name":"Accueil","item":"https:\/\/id-ingenierie-tmd.com\/"},{"@type":"ListItem","position":2,"name":"A propos"}]},{"@type":"WebSite","@id":"https:\/\/id-ingenierie-tmd.com\/#website","url":"https:\/\/id-ingenierie-tmd.com\/","name":"GROUPE ID-INGENIERIE-TMD","description":"Votre vision. Notre ing\u00e9nierie. Un projet abouti.","publisher":{"@id":"https:\/\/id-ingenierie-tmd.com\/#organization"},"potentialAction":[{"@type":"SearchAction","target":{"@type":"EntryPoint","urlTemplate":"https:\/\/id-ingenierie-tmd.com\/?s={search_term_string}"},"query-input":{"@type":"PropertyValueSpecification","valueRequired":true,"valueName":"search_term_string"}}],"inLanguage":"fr-FR"},{"@type":"Organization","@id":"https:\/\/id-ingenierie-tmd.com\/#organization","name":"GROUPE ID-INGENIERIE-TMD","url":"https:\/\/id-ingenierie-tmd.com\/","logo":{"@type":"ImageObject","inLanguage":"fr-FR","@id":"https:\/\/id-ingenierie-tmd.com\/#\/schema\/logo\/image\/","url":"https:\/\/id-ingenierie-tmd.com\/wp-content\/uploads\/2026\/01\/cropped-cropped-LOG-2-1-1.png","contentUrl":"https:\/\/id-ingenierie-tmd.com\/wp-content\/uploads\/2026\/01\/cropped-cropped-LOG-2-1-1.png","width":410,"height":442,"caption":"GROUPE ID-INGENIERIE-TMD"},"image":{"@id":"https:\/\/id-ingenierie-tmd.com\/#\/schema\/logo\/image\/"}}]}},"_links":{"self":[{"href":"https:\/\/id-ingenierie-tmd.com\/index.php\/wp-json\/wp\/v2\/pages\/15","targetHints":{"allow":["GET"]}}],"collection":[{"href":"https:\/\/id-ingenierie-tmd.com\/index.php\/wp-json\/wp\/v2\/pages"}],"about":[{"href":"https:\/\/id-ingenierie-tmd.com\/index.php\/wp-json\/wp\/v2\/types\/page"}],"author":[{"embeddable":true,"href":"https:\/\/id-ingenierie-tmd.com\/index.php\/wp-json\/wp\/v2\/users\/1"}],"replies":[{"embeddable":true,"href":"https:\/\/id-ingenierie-tmd.com\/index.php\/wp-json\/wp\/v2\/comments?post=15"}],"version-history":[{"count":5,"href":"https:\/\/id-ingenierie-tmd.com\/index.php\/wp-json\/wp\/v2\/pages\/15\/revisions"}],"predecessor-version":[{"id":136,"href":"https:\/\/id-ingenierie-tmd.com\/index.php\/wp-json\/wp\/v2\/pages\/15\/revisions\/136"}],"wp:attachment":[{"href":"https:\/\/id-ingenierie-tmd.com\/index.php\/wp-json\/wp\/v2\/media?parent=15"}],"curies":[{"name":"wp","href":"https:\/\/api.w.org\/{rel}","templated":true}]}}