{"id":216,"date":"2026-01-23T11:03:14","date_gmt":"2026-01-23T11:03:14","guid":{"rendered":"http:\/\/cpakkcb.cluster121.hosting.ovh.net\/?page_id=216"},"modified":"2026-01-28T15:07:39","modified_gmt":"2026-01-28T15:07:39","slug":"bureau-detude-btp-travaux-publics-vrd-construction","status":"publish","type":"page","link":"https:\/\/id-ingenierie-tmd.com\/index.php\/bureau-detude-btp-travaux-publics-vrd-construction\/","title":{"rendered":"Travaux Publics"},"content":{"rendered":"\t\t<div data-elementor-type=\"wp-page\" data-elementor-id=\"216\" class=\"elementor elementor-216\">\n\t\t\t\t\t\t<section class=\"elementor-section elementor-top-section elementor-element elementor-element-6a49d315 elementor-section-boxed elementor-section-height-default elementor-section-height-default\" data-id=\"6a49d315\" data-element_type=\"section\" data-settings=\"{&quot;background_background&quot;:&quot;classic&quot;}\">\n\t\t\t\t\t\t\t<div class=\"elementor-background-overlay\"><\/div>\n\t\t\t\t\t\t\t<div class=\"elementor-container elementor-column-gap-no\">\n\t\t\t\t\t<div class=\"elementor-column elementor-col-100 elementor-top-column elementor-element elementor-element-7341a78\" data-id=\"7341a78\" data-element_type=\"column\">\n\t\t\t<div class=\"elementor-widget-wrap elementor-element-populated\">\n\t\t\t\t\t\t<div class=\"elementor-element elementor-element-4e1ada4c elementor-widget__width-inherit elementor-invisible elementor-widget elementor-widget-heading\" data-id=\"4e1ada4c\" data-element_type=\"widget\" data-settings=\"{&quot;_animation&quot;:&quot;fadeInUp&quot;}\" data-widget_type=\"heading.default\">\n\t\t\t\t\t<h4 class=\"elementor-heading-title elementor-size-default\">Les Travaux Publics repr\u00e9sentent l\u2019un des domaines essentiels du Groupe ID \u2013 Ing\u00e9nierie \u2013 TMD, avec pour mission de concevoir, r\u00e9aliser et entretenir des infrastructures indispensables au d\u00e9veloppement des territoires. Nos interventions couvrent la cr\u00e9ation de routes, l\u2019am\u00e9nagement de voiries, la mise en place des r\u00e9seaux d\u2019assainissement, d\u2019eaux pluviales, d\u2019alimentation en eau potable, ainsi que la r\u00e9alisation d\u2019ouvrages de g\u00e9nie civil adapt\u00e9s aux r\u00e9alit\u00e9s du terrain guin\u00e9e.<\/h4>\t\t\t\t<\/div>\n\t\t\t\t\t<\/div>\n\t\t<\/div>\n\t\t\t\t\t<\/div>\n\t\t<\/section>\n\t\t\t\t<section class=\"elementor-section elementor-top-section elementor-element elementor-element-7174a13f elementor-section-boxed elementor-section-height-default elementor-section-height-default\" data-id=\"7174a13f\" data-element_type=\"section\" data-settings=\"{&quot;background_background&quot;:&quot;classic&quot;}\">\n\t\t\t\t\t\t<div class=\"elementor-container elementor-column-gap-no\">\n\t\t\t\t\t<div class=\"elementor-column elementor-col-100 elementor-top-column elementor-element elementor-element-5e370ef\" data-id=\"5e370ef\" data-element_type=\"column\">\n\t\t\t<div class=\"elementor-widget-wrap elementor-element-populated\">\n\t\t\t\t\t\t<div class=\"elementor-element elementor-element-57eac5b3 elementor-widget elementor-widget-heading\" data-id=\"57eac5b3\" data-element_type=\"widget\" data-widget_type=\"heading.default\">\n\t\t\t\t\t<h2 class=\"elementor-heading-title elementor-size-default\">Des Infrastructures Solides pour un Avenir S\u00fbr<\/h2>\t\t\t\t<\/div>\n\t\t\t\t<div class=\"elementor-element elementor-element-1f8bf3ce elementor-invisible elementor-widget elementor-widget-image\" data-id=\"1f8bf3ce\" data-element_type=\"widget\" data-settings=\"{&quot;_animation&quot;:&quot;zoomIn&quot;}\" data-widget_type=\"image.default\">\n\t\t\t\t\t\t\t\t\t\t\t\t\t\t\t<img fetchpriority=\"high\" decoding=\"async\" width=\"1600\" height=\"900\" src=\"https:\/\/id-ingenierie-tmd.com\/wp-content\/uploads\/2026\/01\/unsplash-g-t6a81IfJw.jpg\" class=\"attachment-full size-full wp-image-385\" alt=\"an aerial view of an intersection in a city\" srcset=\"https:\/\/id-ingenierie-tmd.com\/wp-content\/uploads\/2026\/01\/unsplash-g-t6a81IfJw.jpg 1600w, https:\/\/id-ingenierie-tmd.com\/wp-content\/uploads\/2026\/01\/unsplash-g-t6a81IfJw-300x169.jpg 300w, https:\/\/id-ingenierie-tmd.com\/wp-content\/uploads\/2026\/01\/unsplash-g-t6a81IfJw-1024x576.jpg 1024w, https:\/\/id-ingenierie-tmd.com\/wp-content\/uploads\/2026\/01\/unsplash-g-t6a81IfJw-768x432.jpg 768w, https:\/\/id-ingenierie-tmd.com\/wp-content\/uploads\/2026\/01\/unsplash-g-t6a81IfJw-1536x864.jpg 1536w\" sizes=\"(max-width: 1600px) 100vw, 1600px\" \/>\t\t\t\t\t\t\t\t\t\t\t\t\t\t\t<\/div>\n\t\t\t\t<div class=\"elementor-element elementor-element-2d8411b elementor-widget__width-initial elementor-invisible elementor-widget elementor-widget-text-editor\" data-id=\"2d8411b\" data-element_type=\"widget\" data-settings=\"{&quot;_animation&quot;:&quot;fadeInUp&quot;}\" data-widget_type=\"text-editor.default\">\n\t\t\t\t\t\t\t\t\t<p><style>\na {\n    text-decoration: none;\n    color: #464feb;\n}\ntr th, tr td {\n    border: 1px solid #e6e6e6;\n}\ntr th {\n    background-color: #f5f5f5;\n}\n<\/style><\/p><div><p>Confiez vos projets d\u2019infrastructures \u00e0 une entreprise qui transforme chaque chantier en <strong>r\u00e9ussite durable<\/strong>. Sp\u00e9cialistes des <strong>Travaux Publics<\/strong>, nous r\u00e9alisons vos ouvrages avec une exigence absolue de <strong>qualit\u00e9, s\u00e9curit\u00e9 et performance<\/strong>. Gr\u00e2ce \u00e0 notre expertise et \u00e0 une organisation parfaitement ma\u00eetris\u00e9e, nous accompagnons collectivit\u00e9s, entreprises et acteurs priv\u00e9s dans la cr\u00e9ation d\u2019infrastructures fiables et p\u00e9rennes.<\/p><p>Nous intervenons sur tous les grands projets structurants :<\/p><ul><li><strong>Routes, autoroutes et giratoires<\/strong> : fluidit\u00e9, s\u00e9curit\u00e9 et long\u00e9vit\u00e9 au c\u0153ur de chaque r\u00e9alisation.<\/li><li><strong>Ponts, tunnels et ouvrages d\u2019art<\/strong> : des structures robustes, con\u00e7ues pour durer et r\u00e9pondre aux d\u00e9fis techniques les plus exigeants.<\/li><li><strong>Terrassements massifs<\/strong> : une pr\u00e9paration impeccable pour accueillir vos futurs am\u00e9nagements.<\/li><li><strong>R\u00e9seaux d\u2019assainissement et hydraulique<\/strong> : solutions performantes pour ma\u00eetriser les flux, prot\u00e9ger les zones urbaines et anticiper les enjeux climatiques.<\/li><li><strong>Plateformes logistiques et industrielles<\/strong> : infrastructures pr\u00eates \u00e0 optimiser vos activit\u00e9s.<\/li><li><strong>Grands am\u00e9nagements urbains<\/strong> : modernisation des espaces de vie, valorisation du territoire et attractivit\u00e9 renforc\u00e9e.<\/li><\/ul><p><strong>Notre promesse :<\/strong> des projets livr\u00e9s dans les d\u00e9lais, un accompagnement sur mesure et des infrastructures con\u00e7ues pour soutenir durablement le d\u00e9veloppement \u00e9conomique et urbain.<\/p><p>Avec nous, vos Travaux Publics deviennent un <strong>investissement strat\u00e9gique<\/strong>, solide, visible et pens\u00e9 pour l\u2019avenir.<\/p><\/div>\t\t\t\t\t\t\t\t<\/div>\n\t\t\t\t<section class=\"elementor-section elementor-inner-section elementor-element elementor-element-6113e724 elementor-section-boxed elementor-section-height-default elementor-section-height-default\" data-id=\"6113e724\" data-element_type=\"section\">\n\t\t\t\t\t\t<div class=\"elementor-container elementor-column-gap-no\">\n\t\t\t\t\t<div class=\"elementor-column elementor-col-33 elementor-inner-column elementor-element elementor-element-38349e91\" data-id=\"38349e91\" data-element_type=\"column\">\n\t\t\t<div class=\"elementor-widget-wrap elementor-element-populated\">\n\t\t\t\t\t\t<div class=\"elementor-element elementor-element-42d38680 e-transform eael-infobox-content-align--center eael-infobox-shape-square eael-infobox-hover-img-shape-square elementor-invisible elementor-widget elementor-widget-eael-info-box\" data-id=\"42d38680\" data-element_type=\"widget\" data-settings=\"{&quot;_animation&quot;:&quot;fadeInLeft&quot;,&quot;_transform_scale_effect&quot;:{&quot;unit&quot;:&quot;px&quot;,&quot;size&quot;:&quot;&quot;,&quot;sizes&quot;:[]},&quot;_transform_scale_effect_tablet&quot;:{&quot;unit&quot;:&quot;px&quot;,&quot;size&quot;:&quot;&quot;,&quot;sizes&quot;:[]},&quot;_transform_scale_effect_mobile&quot;:{&quot;unit&quot;:&quot;px&quot;,&quot;size&quot;:&quot;&quot;,&quot;sizes&quot;:[]}}\" data-widget_type=\"eael-info-box.default\">\n\t\t\t\t\t        <div class=\"eael-infobox icon-on-top\">\n\t            <div class=\"infobox-icon\">\n\n                            <img decoding=\"async\" src=\"https:\/\/id-ingenierie-tmd.com\/wp-content\/uploads\/2026\/01\/unsplash-maVHoAWycOs.jpg\" alt=\"yellow and black excavator on brown soil\">\n            \n            \n            \n        <\/div>\n            <div class=\"infobox-content\">\n                    <div class=\"infobox-title-section\">\n                <h2 class=\"title\">Terrassement <\/h2>            <\/div>\n            <div><p><style>\na {<br \/>    text-decoration: none;<br \/>    color: #464feb;<br \/>}<br \/>tr th, tr td {<br \/>    border: 1px solid #e6e6e6;<br \/>}<br \/>tr th {<br \/>    background-color: #f5f5f5;<br \/>}<br \/><\/style><\/p><p style=\"text-align: left;\">Notre entreprise de Travaux Publics r\u00e9alise des i<strong>nfrastructures robustes<\/strong> et <strong>durables<\/strong> avec un haut niveau d\u2019excellence.<\/p><div>\u00a0<\/div><\/div>        <\/div>\n            <\/div>\n\n\t\t\t\t\t\t<\/div>\n\t\t\t\t\t<\/div>\n\t\t<\/div>\n\t\t\t\t<div class=\"elementor-column elementor-col-33 elementor-inner-column elementor-element elementor-element-32fe7eaa\" data-id=\"32fe7eaa\" data-element_type=\"column\">\n\t\t\t<div class=\"elementor-widget-wrap elementor-element-populated\">\n\t\t\t\t\t\t<div class=\"elementor-element elementor-element-10fb7ac2 eael-infobox-content-align--center eael-infobox-shape-square eael-infobox-hover-img-shape-square elementor-invisible elementor-widget elementor-widget-eael-info-box\" data-id=\"10fb7ac2\" data-element_type=\"widget\" data-settings=\"{&quot;_animation&quot;:&quot;zoomIn&quot;}\" data-widget_type=\"eael-info-box.default\">\n\t\t\t\t\t        <div class=\"eael-infobox icon-on-top\">\n\t            <div class=\"infobox-icon\">\n\n                            <img decoding=\"async\" src=\"https:\/\/id-ingenierie-tmd.com\/wp-content\/uploads\/2026\/01\/unsplash-_NpSkRaTy0A.jpg\" alt=\"aerial photography plaza with trees and buildings\">\n            \n            \n            \n        <\/div>\n            <div class=\"infobox-content\">\n                    <div class=\"infobox-title-section\">\n                <h2 class=\"title\">Am\u00e9nagement urbain <\/h2>            <\/div>\n            <div><p><style>\na {<br \/>\n    text-decoration: none;<br \/>\n    color: #464feb;<br \/>\n}<br \/>\ntr th, tr td {<br \/>\n    border: 1px solid #e6e6e6;<br \/>\n}<br \/>\ntr th {<br \/>\n    background-color: #f5f5f5;<br \/>\n}<br \/>\n<\/style><\/p><p style=\"text-align: left;\">Cr\u00e9ez des espaces publics qui inspirent, rassemblent et valorisent votre territoire.<br \/>Nous fa\u00e7onnons des environnements urbains <strong>modernes, \u00e9l\u00e9gants et durables<\/strong>, pens\u00e9s pour accueillir la vie, le mouvement et le bien\u2011\u00eatre.<\/p><\/div>        <\/div>\n            <\/div>\n\n\t\t\t\t\t\t<\/div>\n\t\t\t\t\t<\/div>\n\t\t<\/div>\n\t\t\t\t<div class=\"elementor-column elementor-col-33 elementor-inner-column elementor-element elementor-element-499e3964\" data-id=\"499e3964\" data-element_type=\"column\">\n\t\t\t<div class=\"elementor-widget-wrap elementor-element-populated\">\n\t\t\t\t\t\t<div class=\"elementor-element elementor-element-39707fb9 eael-infobox-content-align--center eael-infobox-shape-square eael-infobox-hover-img-shape-square elementor-invisible elementor-widget elementor-widget-eael-info-box\" data-id=\"39707fb9\" data-element_type=\"widget\" data-settings=\"{&quot;_animation&quot;:&quot;fadeInRight&quot;}\" data-widget_type=\"eael-info-box.default\">\n\t\t\t\t\t        <div class=\"eael-infobox icon-on-top\">\n\t            <div class=\"infobox-icon\">\n\n                            <img decoding=\"async\" src=\"https:\/\/id-ingenierie-tmd.com\/wp-content\/uploads\/2026\/01\/unsplash-6W9iwZQrhnI.jpg\" alt=\"black car on road between green trees during daytime\">\n            \n            \n            \n        <\/div>\n            <div class=\"infobox-content\">\n                    <div class=\"infobox-title-section\">\n                <h2 class=\"title\">Assainissement routier <\/h2>            <\/div>\n            <div><p><style>\na {\n    text-decoration: none;\n    color: #464feb;\n}\ntr th, tr td {\n    border: 1px solid #e6e6e6;\n}\ntr th {\n    background-color: #f5f5f5;\n}\n<\/style><\/p><div><p style=\"text-align: left;\">L\u2019assainissement routier est bien plus qu\u2019un simple r\u00e9seau de canalisations :<br \/>c\u2019est <strong>la cl\u00e9 de la long\u00e9vit\u00e9 des routes<\/strong>, de la s\u00e9curit\u00e9 des usagers et de la protection de l\u2019environnement.<\/p><p style=\"text-align: left;\">Nous transformons vos projets en <strong>infrastructures fiables et performantes<\/strong>, gr\u00e2ce \u00e0 une cha\u00eene compl\u00e8te d\u2019expertise : <strong>\u00c9tudes \u2192 Conception \u2192 R\u00e9alisation<\/strong>.<\/p><\/div><\/div>        <\/div>\n            <\/div>\n\n\t\t\t\t\t\t<\/div>\n\t\t\t\t\t<\/div>\n\t\t<\/div>\n\t\t\t\t\t<\/div>\n\t\t<\/section>\n\t\t\t\t<div class=\"elementor-element elementor-element-15e18c5 elementor-widget elementor-widget-heading\" data-id=\"15e18c5\" data-element_type=\"widget\" data-widget_type=\"heading.default\">\n\t\t\t\t\t<h2 class=\"elementor-heading-title elementor-size-default\"><a href=\"http:\/\/cpakkcb.cluster121.hosting.ovh.net\/index.php\/contact\/\">Nous contacter <\/a><\/h2>\t\t\t\t<\/div>\n\t\t\t\t\t<\/div>\n\t\t<\/div>\n\t\t\t\t\t<\/div>\n\t\t<\/section>\n\t\t\t\t<\/div>\n\t\t","protected":false},"excerpt":{"rendered":"<p>Les Travaux Publics repr\u00e9sentent l\u2019un des domaines essentiels du Groupe ID \u2013 Ing\u00e9nierie \u2013 TMD, avec pour mission de concevoir, r\u00e9aliser et entretenir des infrastructures indispensables au d\u00e9veloppement des territoires. Nos interventions couvrent la cr\u00e9ation de routes, l\u2019am\u00e9nagement de voiries, la mise en place des r\u00e9seaux d\u2019assainissement, d\u2019eaux pluviales, d\u2019alimentation en eau potable, ainsi que [&hellip;]<\/p>\n","protected":false},"author":1,"featured_media":0,"parent":0,"menu_order":0,"comment_status":"closed","ping_status":"closed","template":"elementor_header_footer","meta":{"_eb_attr":"","footnotes":""},"class_list":["post-216","page","type-page","status-publish","hentry"],"yoast_head":"<!-- This site is optimized with the Yoast SEO plugin v26.8 - https:\/\/yoast.com\/product\/yoast-seo-wordpress\/ -->\n<title>Travaux publics<\/title>\n<meta name=\"description\" content=\"Expert des Travaux Publics, nous r\u00e9alisons vos infrastructures avec pr\u00e9cision et fiabilit\u00e9. Routes, ouvrages d\u2019art, terrassements, r\u00e9seaux et am\u00e9nagements urbains : nous livrons des projets solides, s\u00e9curis\u00e9s et durables.\" \/>\n<meta name=\"robots\" content=\"noindex, follow, max-snippet:-1, max-image-preview:large, max-video-preview:-1\" \/>\n<meta property=\"og:locale\" content=\"fr_FR\" \/>\n<meta property=\"og:type\" content=\"article\" \/>\n<meta property=\"og:title\" content=\"Travaux publics\" \/>\n<meta property=\"og:description\" content=\"Expert des Travaux Publics, nous r\u00e9alisons vos infrastructures avec pr\u00e9cision et fiabilit\u00e9. Routes, ouvrages d\u2019art, terrassements, r\u00e9seaux et am\u00e9nagements urbains : nous livrons des projets solides, s\u00e9curis\u00e9s et durables.\" \/>\n<meta property=\"og:url\" content=\"https:\/\/id-ingenierie-tmd.com\/index.php\/bureau-detude-btp-travaux-publics-vrd-construction\/\" \/>\n<meta property=\"og:site_name\" content=\"GROUPE ID-INGENIERIE-TMD\" \/>\n<meta property=\"article:modified_time\" content=\"2026-01-28T15:07:39+00:00\" \/>\n<meta property=\"og:image\" content=\"http:\/\/cpakkcb.cluster121.hosting.ovh.net\/wp-content\/uploads\/2026\/01\/unsplash-g-t6a81IfJw.jpg\" \/>\n<meta name=\"twitter:card\" content=\"summary_large_image\" \/>\n<meta name=\"twitter:label1\" content=\"Dur\u00e9e de lecture estim\u00e9e\" \/>\n\t<meta name=\"twitter:data1\" content=\"3 minutes\" \/>\n<script type=\"application\/ld+json\" class=\"yoast-schema-graph\">{\"@context\":\"https:\/\/schema.org\",\"@graph\":[{\"@type\":\"WebPage\",\"@id\":\"https:\/\/id-ingenierie-tmd.com\/index.php\/bureau-detude-btp-travaux-publics-vrd-construction\/\",\"url\":\"https:\/\/id-ingenierie-tmd.com\/index.php\/bureau-detude-btp-travaux-publics-vrd-construction\/\",\"name\":\"Travaux publics\",\"isPartOf\":{\"@id\":\"https:\/\/id-ingenierie-tmd.com\/#website\"},\"primaryImageOfPage\":{\"@id\":\"https:\/\/id-ingenierie-tmd.com\/index.php\/bureau-detude-btp-travaux-publics-vrd-construction\/#primaryimage\"},\"image\":{\"@id\":\"https:\/\/id-ingenierie-tmd.com\/index.php\/bureau-detude-btp-travaux-publics-vrd-construction\/#primaryimage\"},\"thumbnailUrl\":\"http:\/\/cpakkcb.cluster121.hosting.ovh.net\/wp-content\/uploads\/2026\/01\/unsplash-g-t6a81IfJw.jpg\",\"datePublished\":\"2026-01-23T11:03:14+00:00\",\"dateModified\":\"2026-01-28T15:07:39+00:00\",\"description\":\"Expert des Travaux Publics, nous r\u00e9alisons vos infrastructures avec pr\u00e9cision et fiabilit\u00e9. Routes, ouvrages d\u2019art, terrassements, r\u00e9seaux et am\u00e9nagements urbains : nous livrons des projets solides, s\u00e9curis\u00e9s et durables.\",\"breadcrumb\":{\"@id\":\"https:\/\/id-ingenierie-tmd.com\/index.php\/bureau-detude-btp-travaux-publics-vrd-construction\/#breadcrumb\"},\"inLanguage\":\"fr-FR\",\"potentialAction\":[{\"@type\":\"ReadAction\",\"target\":[\"https:\/\/id-ingenierie-tmd.com\/index.php\/bureau-detude-btp-travaux-publics-vrd-construction\/\"]}]},{\"@type\":\"ImageObject\",\"inLanguage\":\"fr-FR\",\"@id\":\"https:\/\/id-ingenierie-tmd.com\/index.php\/bureau-detude-btp-travaux-publics-vrd-construction\/#primaryimage\",\"url\":\"http:\/\/cpakkcb.cluster121.hosting.ovh.net\/wp-content\/uploads\/2026\/01\/unsplash-g-t6a81IfJw.jpg\",\"contentUrl\":\"http:\/\/cpakkcb.cluster121.hosting.ovh.net\/wp-content\/uploads\/2026\/01\/unsplash-g-t6a81IfJw.jpg\"},{\"@type\":\"BreadcrumbList\",\"@id\":\"https:\/\/id-ingenierie-tmd.com\/index.php\/bureau-detude-btp-travaux-publics-vrd-construction\/#breadcrumb\",\"itemListElement\":[{\"@type\":\"ListItem\",\"position\":1,\"name\":\"Accueil\",\"item\":\"https:\/\/id-ingenierie-tmd.com\/\"},{\"@type\":\"ListItem\",\"position\":2,\"name\":\"Travaux Publics\"}]},{\"@type\":\"WebSite\",\"@id\":\"https:\/\/id-ingenierie-tmd.com\/#website\",\"url\":\"https:\/\/id-ingenierie-tmd.com\/\",\"name\":\"GROUPE ID-INGENIERIE-TMD\",\"description\":\"Votre vision. Notre ing\u00e9nierie. Un projet abouti.\",\"publisher\":{\"@id\":\"https:\/\/id-ingenierie-tmd.com\/#organization\"},\"potentialAction\":[{\"@type\":\"SearchAction\",\"target\":{\"@type\":\"EntryPoint\",\"urlTemplate\":\"https:\/\/id-ingenierie-tmd.com\/?s={search_term_string}\"},\"query-input\":{\"@type\":\"PropertyValueSpecification\",\"valueRequired\":true,\"valueName\":\"search_term_string\"}}],\"inLanguage\":\"fr-FR\"},{\"@type\":\"Organization\",\"@id\":\"https:\/\/id-ingenierie-tmd.com\/#organization\",\"name\":\"GROUPE ID-INGENIERIE-TMD\",\"url\":\"https:\/\/id-ingenierie-tmd.com\/\",\"logo\":{\"@type\":\"ImageObject\",\"inLanguage\":\"fr-FR\",\"@id\":\"https:\/\/id-ingenierie-tmd.com\/#\/schema\/logo\/image\/\",\"url\":\"https:\/\/id-ingenierie-tmd.com\/wp-content\/uploads\/2026\/01\/cropped-cropped-LOG-2-1-1.png\",\"contentUrl\":\"https:\/\/id-ingenierie-tmd.com\/wp-content\/uploads\/2026\/01\/cropped-cropped-LOG-2-1-1.png\",\"width\":410,\"height\":442,\"caption\":\"GROUPE ID-INGENIERIE-TMD\"},\"image\":{\"@id\":\"https:\/\/id-ingenierie-tmd.com\/#\/schema\/logo\/image\/\"}}]}<\/script>\n<!-- \/ Yoast SEO plugin. -->","yoast_head_json":{"title":"Travaux publics","description":"Expert des Travaux Publics, nous r\u00e9alisons vos infrastructures avec pr\u00e9cision et fiabilit\u00e9. Routes, ouvrages d\u2019art, terrassements, r\u00e9seaux et am\u00e9nagements urbains : nous livrons des projets solides, s\u00e9curis\u00e9s et durables.","robots":{"index":"noindex","follow":"follow","max-snippet":"max-snippet:-1","max-image-preview":"max-image-preview:large","max-video-preview":"max-video-preview:-1"},"og_locale":"fr_FR","og_type":"article","og_title":"Travaux publics","og_description":"Expert des Travaux Publics, nous r\u00e9alisons vos infrastructures avec pr\u00e9cision et fiabilit\u00e9. Routes, ouvrages d\u2019art, terrassements, r\u00e9seaux et am\u00e9nagements urbains : nous livrons des projets solides, s\u00e9curis\u00e9s et durables.","og_url":"https:\/\/id-ingenierie-tmd.com\/index.php\/bureau-detude-btp-travaux-publics-vrd-construction\/","og_site_name":"GROUPE ID-INGENIERIE-TMD","article_modified_time":"2026-01-28T15:07:39+00:00","og_image":[{"url":"http:\/\/cpakkcb.cluster121.hosting.ovh.net\/wp-content\/uploads\/2026\/01\/unsplash-g-t6a81IfJw.jpg","type":"","width":"","height":""}],"twitter_card":"summary_large_image","twitter_misc":{"Dur\u00e9e de lecture estim\u00e9e":"3 minutes"},"schema":{"@context":"https:\/\/schema.org","@graph":[{"@type":"WebPage","@id":"https:\/\/id-ingenierie-tmd.com\/index.php\/bureau-detude-btp-travaux-publics-vrd-construction\/","url":"https:\/\/id-ingenierie-tmd.com\/index.php\/bureau-detude-btp-travaux-publics-vrd-construction\/","name":"Travaux publics","isPartOf":{"@id":"https:\/\/id-ingenierie-tmd.com\/#website"},"primaryImageOfPage":{"@id":"https:\/\/id-ingenierie-tmd.com\/index.php\/bureau-detude-btp-travaux-publics-vrd-construction\/#primaryimage"},"image":{"@id":"https:\/\/id-ingenierie-tmd.com\/index.php\/bureau-detude-btp-travaux-publics-vrd-construction\/#primaryimage"},"thumbnailUrl":"http:\/\/cpakkcb.cluster121.hosting.ovh.net\/wp-content\/uploads\/2026\/01\/unsplash-g-t6a81IfJw.jpg","datePublished":"2026-01-23T11:03:14+00:00","dateModified":"2026-01-28T15:07:39+00:00","description":"Expert des Travaux Publics, nous r\u00e9alisons vos infrastructures avec pr\u00e9cision et fiabilit\u00e9. Routes, ouvrages d\u2019art, terrassements, r\u00e9seaux et am\u00e9nagements urbains : nous livrons des projets solides, s\u00e9curis\u00e9s et durables.","breadcrumb":{"@id":"https:\/\/id-ingenierie-tmd.com\/index.php\/bureau-detude-btp-travaux-publics-vrd-construction\/#breadcrumb"},"inLanguage":"fr-FR","potentialAction":[{"@type":"ReadAction","target":["https:\/\/id-ingenierie-tmd.com\/index.php\/bureau-detude-btp-travaux-publics-vrd-construction\/"]}]},{"@type":"ImageObject","inLanguage":"fr-FR","@id":"https:\/\/id-ingenierie-tmd.com\/index.php\/bureau-detude-btp-travaux-publics-vrd-construction\/#primaryimage","url":"http:\/\/cpakkcb.cluster121.hosting.ovh.net\/wp-content\/uploads\/2026\/01\/unsplash-g-t6a81IfJw.jpg","contentUrl":"http:\/\/cpakkcb.cluster121.hosting.ovh.net\/wp-content\/uploads\/2026\/01\/unsplash-g-t6a81IfJw.jpg"},{"@type":"BreadcrumbList","@id":"https:\/\/id-ingenierie-tmd.com\/index.php\/bureau-detude-btp-travaux-publics-vrd-construction\/#breadcrumb","itemListElement":[{"@type":"ListItem","position":1,"name":"Accueil","item":"https:\/\/id-ingenierie-tmd.com\/"},{"@type":"ListItem","position":2,"name":"Travaux Publics"}]},{"@type":"WebSite","@id":"https:\/\/id-ingenierie-tmd.com\/#website","url":"https:\/\/id-ingenierie-tmd.com\/","name":"GROUPE ID-INGENIERIE-TMD","description":"Votre vision. Notre ing\u00e9nierie. Un projet abouti.","publisher":{"@id":"https:\/\/id-ingenierie-tmd.com\/#organization"},"potentialAction":[{"@type":"SearchAction","target":{"@type":"EntryPoint","urlTemplate":"https:\/\/id-ingenierie-tmd.com\/?s={search_term_string}"},"query-input":{"@type":"PropertyValueSpecification","valueRequired":true,"valueName":"search_term_string"}}],"inLanguage":"fr-FR"},{"@type":"Organization","@id":"https:\/\/id-ingenierie-tmd.com\/#organization","name":"GROUPE ID-INGENIERIE-TMD","url":"https:\/\/id-ingenierie-tmd.com\/","logo":{"@type":"ImageObject","inLanguage":"fr-FR","@id":"https:\/\/id-ingenierie-tmd.com\/#\/schema\/logo\/image\/","url":"https:\/\/id-ingenierie-tmd.com\/wp-content\/uploads\/2026\/01\/cropped-cropped-LOG-2-1-1.png","contentUrl":"https:\/\/id-ingenierie-tmd.com\/wp-content\/uploads\/2026\/01\/cropped-cropped-LOG-2-1-1.png","width":410,"height":442,"caption":"GROUPE ID-INGENIERIE-TMD"},"image":{"@id":"https:\/\/id-ingenierie-tmd.com\/#\/schema\/logo\/image\/"}}]}},"_links":{"self":[{"href":"https:\/\/id-ingenierie-tmd.com\/index.php\/wp-json\/wp\/v2\/pages\/216","targetHints":{"allow":["GET"]}}],"collection":[{"href":"https:\/\/id-ingenierie-tmd.com\/index.php\/wp-json\/wp\/v2\/pages"}],"about":[{"href":"https:\/\/id-ingenierie-tmd.com\/index.php\/wp-json\/wp\/v2\/types\/page"}],"author":[{"embeddable":true,"href":"https:\/\/id-ingenierie-tmd.com\/index.php\/wp-json\/wp\/v2\/users\/1"}],"replies":[{"embeddable":true,"href":"https:\/\/id-ingenierie-tmd.com\/index.php\/wp-json\/wp\/v2\/comments?post=216"}],"version-history":[{"count":17,"href":"https:\/\/id-ingenierie-tmd.com\/index.php\/wp-json\/wp\/v2\/pages\/216\/revisions"}],"predecessor-version":[{"id":403,"href":"https:\/\/id-ingenierie-tmd.com\/index.php\/wp-json\/wp\/v2\/pages\/216\/revisions\/403"}],"wp:attachment":[{"href":"https:\/\/id-ingenierie-tmd.com\/index.php\/wp-json\/wp\/v2\/media?parent=216"}],"curies":[{"name":"wp","href":"https:\/\/api.w.org\/{rel}","templated":true}]}}