{"id":264,"date":"2026-01-26T10:06:08","date_gmt":"2026-01-26T10:06:08","guid":{"rendered":"http:\/\/cpakkcb.cluster121.hosting.ovh.net\/?page_id=264"},"modified":"2026-01-26T10:46:43","modified_gmt":"2026-01-26T10:46:43","slug":"nos-valeurs","status":"publish","type":"page","link":"https:\/\/id-ingenierie-tmd.com\/index.php\/nos-valeurs\/","title":{"rendered":"Nos valeurs"},"content":{"rendered":"\t\t<div data-elementor-type=\"wp-page\" data-elementor-id=\"264\" class=\"elementor elementor-264\">\n\t\t\t\t<div class=\"elementor-element elementor-element-1638cc04 e-con-full e-flex e-con e-parent\" data-id=\"1638cc04\" data-element_type=\"container\" data-settings=\"{&quot;background_background&quot;:&quot;classic&quot;}\">\n\t\t<div class=\"elementor-element elementor-element-4fd6c15e e-con-full e-flex e-con e-child\" data-id=\"4fd6c15e\" data-element_type=\"container\">\n\t\t\t\t<div class=\"elementor-element elementor-element-3a86947f elementor-widget__width-inherit e-transform elementor-invisible elementor-widget elementor-widget-heading\" data-id=\"3a86947f\" data-element_type=\"widget\" data-settings=\"{&quot;_animation&quot;:&quot;fadeIn&quot;,&quot;_transform_scale_effect&quot;:{&quot;unit&quot;:&quot;px&quot;,&quot;size&quot;:&quot;&quot;,&quot;sizes&quot;:[]},&quot;_transform_scale_effect_tablet&quot;:{&quot;unit&quot;:&quot;px&quot;,&quot;size&quot;:&quot;&quot;,&quot;sizes&quot;:[]},&quot;_transform_scale_effect_mobile&quot;:{&quot;unit&quot;:&quot;px&quot;,&quot;size&quot;:&quot;&quot;,&quot;sizes&quot;:[]}}\" data-widget_type=\"heading.default\">\n\t\t\t\t\t<h1 class=\"elementor-heading-title elementor-size-default\">Des valeurs fortes au service de votre r\u00e9ussite<\/h1>\t\t\t\t<\/div>\n\t\t\t\t<div class=\"elementor-element elementor-element-2ba13b24 elementor-widget elementor-widget-text-editor\" data-id=\"2ba13b24\" data-element_type=\"widget\" data-widget_type=\"text-editor.default\">\n\t\t\t\t\t\t\t\t\t<p>Au sein du <strong>groupe ID\u2011Ing\u00e9nierie\u2011TMD<\/strong>, nous mettons nos expertises int\u00e9gr\u00e9es et la synergie entre nos m\u00e9tiers au service de projets performants, durables et parfaitement ma\u00eetris\u00e9s.<br \/>Notre ambition : offrir \u00e0 chaque client une exp\u00e9rience fond\u00e9e sur <strong>l\u2019innovation, l\u2019excellence et la fiabilit\u00e9<\/strong>.<\/p><p>Nos \u00e9quipes avancent avec un \u00e9tat d\u2019esprit commun : audace, engagement et sens de la responsabilit\u00e9. Gr\u00e2ce \u00e0 un management humain et mobilisateur, chaque collaborateur \u00e9volue dans un environnement propice \u00e0 la r\u00e9ussite et \u00e0 la performance collective.<\/p>\t\t\t\t\t\t\t\t<\/div>\n\t\t\t\t<\/div>\n\t\t\t\t<\/div>\n\t\t<div class=\"elementor-element elementor-element-50e8c737 e-con-full e-flex e-con e-parent\" data-id=\"50e8c737\" data-element_type=\"container\" data-settings=\"{&quot;background_background&quot;:&quot;classic&quot;}\">\n\t\t<div class=\"elementor-element elementor-element-e2eba7f e-con-full e-flex e-con e-child\" data-id=\"e2eba7f\" data-element_type=\"container\">\n\t\t\t\t<div class=\"elementor-element elementor-element-5c6ff411 elementor-widget elementor-widget-heading\" data-id=\"5c6ff411\" data-element_type=\"widget\" data-widget_type=\"heading.default\">\n\t\t\t\t\t<h2 class=\"elementor-heading-title elementor-size-default\">Exemplarit\u00e9<\/h2>\t\t\t\t<\/div>\n\t\t\t\t<div class=\"elementor-element elementor-element-1e1d2533 elementor-widget elementor-widget-text-editor\" data-id=\"1e1d2533\" data-element_type=\"widget\" data-widget_type=\"text-editor.default\">\n\t\t\t\t\t\t\t\t\t<p>Nous exigeons de nous-m\u00eames le niveau d\u2019int\u00e9grit\u00e9 et de professionnalisme que nous offrons \u00e0 nos clients. Chaque action refl\u00e8te nos engagements.<\/p>\t\t\t\t\t\t\t\t<\/div>\n\t\t\t\t<\/div>\n\t\t\t\t<\/div>\n\t\t<div class=\"elementor-element elementor-element-477d45a e-con-full e-flex e-con e-parent\" data-id=\"477d45a\" data-element_type=\"container\" data-settings=\"{&quot;background_background&quot;:&quot;classic&quot;}\">\n\t\t<div class=\"elementor-element elementor-element-1b2c95b e-con-full e-flex e-con e-child\" data-id=\"1b2c95b\" data-element_type=\"container\">\n\t\t\t\t<div class=\"elementor-element elementor-element-beccedd elementor-widget elementor-widget-heading\" data-id=\"beccedd\" data-element_type=\"widget\" data-widget_type=\"heading.default\">\n\t\t\t\t\t<h2 class=\"elementor-heading-title elementor-size-default\">Responsabilit\u00e9<\/h2>\t\t\t\t<\/div>\n\t\t\t\t<div class=\"elementor-element elementor-element-6174f98 elementor-widget elementor-widget-text-editor\" data-id=\"6174f98\" data-element_type=\"widget\" data-widget_type=\"text-editor.default\">\n\t\t\t\t\t\t\t\t\t<p>Chaque collaborateur incarne l\u2019image du <strong>groupe ID\u2011Ing\u00e9nierie\u2011TMD<\/strong> et prend des d\u00e9cisions au plus pr\u00e8s du terrain, pour des projets plus rapides, plus efficaces et mieux ma\u00eetris\u00e9s.<\/p>\t\t\t\t\t\t\t\t<\/div>\n\t\t\t\t<\/div>\n\t\t\t\t<\/div>\n\t\t<div class=\"elementor-element elementor-element-e58acf8 e-con-full e-flex e-con e-parent\" data-id=\"e58acf8\" data-element_type=\"container\" data-settings=\"{&quot;background_background&quot;:&quot;classic&quot;}\">\n\t\t<div class=\"elementor-element elementor-element-a2982f5 e-con-full e-flex e-con e-child\" data-id=\"a2982f5\" data-element_type=\"container\">\n\t\t\t\t<div class=\"elementor-element elementor-element-b3998f9 elementor-widget elementor-widget-heading\" data-id=\"b3998f9\" data-element_type=\"widget\" data-widget_type=\"heading.default\">\n\t\t\t\t\t<h2 class=\"elementor-heading-title elementor-size-default\">Confiance<\/h2>\t\t\t\t<\/div>\n\t\t\t\t<div class=\"elementor-element elementor-element-1309d60 elementor-widget elementor-widget-text-editor\" data-id=\"1309d60\" data-element_type=\"widget\" data-widget_type=\"text-editor.default\">\n\t\t\t\t\t\t\t\t\t<p>Nous avan\u00e7ons en \u00e9quipe, avec un soutien constant de la hi\u00e9rarchie et une collaboration transparente. Cette confiance interne se traduit par des partenariats durables avec nos clients.<\/p>\t\t\t\t\t\t\t\t<\/div>\n\t\t\t\t<\/div>\n\t\t\t\t<\/div>\n\t\t<div class=\"elementor-element elementor-element-e9152ae e-con-full e-flex e-con e-parent\" data-id=\"e9152ae\" data-element_type=\"container\" data-settings=\"{&quot;background_background&quot;:&quot;classic&quot;}\">\n\t\t<div class=\"elementor-element elementor-element-26b5606 e-con-full e-flex e-con e-child\" data-id=\"26b5606\" data-element_type=\"container\">\n\t\t\t\t<div class=\"elementor-element elementor-element-8fc1ce1 elementor-widget elementor-widget-heading\" data-id=\"8fc1ce1\" data-element_type=\"widget\" data-widget_type=\"heading.default\">\n\t\t\t\t\t<h2 class=\"elementor-heading-title elementor-size-default\">Transparence<\/h2>\t\t\t\t<\/div>\n\t\t\t\t<div class=\"elementor-element elementor-element-5a5e59d elementor-widget elementor-widget-text-editor\" data-id=\"5a5e59d\" data-element_type=\"widget\" data-widget_type=\"text-editor.default\">\n\t\t\t\t\t\t\t\t\t<p>Nous communiquons clairement, rapidement et de mani\u00e8re fiable. Chez nous, pas de zone d\u2019ombre : c\u2019est la cl\u00e9 d\u2019une relation client solide et durable.<\/p>\t\t\t\t\t\t\t\t<\/div>\n\t\t\t\t<\/div>\n\t\t\t\t<\/div>\n\t\t<div class=\"elementor-element elementor-element-9d4b489 e-con-full e-flex e-con e-parent\" data-id=\"9d4b489\" data-element_type=\"container\" data-settings=\"{&quot;background_background&quot;:&quot;classic&quot;}\">\n\t\t<div class=\"elementor-element elementor-element-0b1c5cc e-con-full e-flex e-con e-child\" data-id=\"0b1c5cc\" data-element_type=\"container\">\n\t\t\t\t<div class=\"elementor-element elementor-element-5da2022 elementor-widget elementor-widget-heading\" data-id=\"5da2022\" data-element_type=\"widget\" data-widget_type=\"heading.default\">\n\t\t\t\t\t<h2 class=\"elementor-heading-title elementor-size-default\">Lucidit\u00e9<\/h2>\t\t\t\t<\/div>\n\t\t\t\t<div class=\"elementor-element elementor-element-5c10c9e elementor-widget elementor-widget-text-editor\" data-id=\"5c10c9e\" data-element_type=\"widget\" data-widget_type=\"text-editor.default\">\n\t\t\t\t\t\t\t\t\t<p>Nous analysons chaque situation avec pr\u00e9cision pour garantir des objectifs r\u00e9alistes, des risques ma\u00eetris\u00e9s et des r\u00e9sultats conformes \u00e0 vos attentes.<\/p>\t\t\t\t\t\t\t\t<\/div>\n\t\t\t\t<\/div>\n\t\t\t\t<\/div>\n\t\t<div class=\"elementor-element elementor-element-669a635 e-con-full e-flex e-con e-parent\" data-id=\"669a635\" data-element_type=\"container\" data-settings=\"{&quot;background_background&quot;:&quot;classic&quot;}\">\n\t\t<div class=\"elementor-element elementor-element-6eefbc1 e-con-full e-flex e-con e-child\" data-id=\"6eefbc1\" data-element_type=\"container\">\n\t\t\t\t<div class=\"elementor-element elementor-element-4219778 elementor-widget elementor-widget-heading\" data-id=\"4219778\" data-element_type=\"widget\" data-widget_type=\"heading.default\">\n\t\t\t\t\t<h2 class=\"elementor-heading-title elementor-size-default\">Courage &amp; Pugnacit\u00e9<\/h2>\t\t\t\t<\/div>\n\t\t\t\t<div class=\"elementor-element elementor-element-07ccd48 elementor-widget elementor-widget-text-editor\" data-id=\"07ccd48\" data-element_type=\"widget\" data-widget_type=\"text-editor.default\">\n\t\t\t\t\t\t\t\t\t<p>Nous faisons preuve de d\u00e9termination et d\u2019engagement \u00e0 chaque \u00e9tape du projet. Notre force : avancer malgr\u00e9 les d\u00e9fis, toujours avec exigence et professionnalisme.<\/p>\t\t\t\t\t\t\t\t<\/div>\n\t\t\t\t<\/div>\n\t\t\t\t<\/div>\n\t\t<div class=\"elementor-element elementor-element-07d268d e-con-full e-flex e-con e-parent\" data-id=\"07d268d\" data-element_type=\"container\" data-settings=\"{&quot;background_background&quot;:&quot;classic&quot;}\">\n\t\t<div class=\"elementor-element elementor-element-ea8faac e-con-full e-flex e-con e-child\" data-id=\"ea8faac\" data-element_type=\"container\">\n\t\t\t\t<div class=\"elementor-element elementor-element-e6c5480 elementor-widget elementor-widget-heading\" data-id=\"e6c5480\" data-element_type=\"widget\" data-widget_type=\"heading.default\">\n\t\t\t\t\t<h2 class=\"elementor-heading-title elementor-size-default\">ID Ing\u00e9nierie TMD : un partenaire engag\u00e9, des projets qui vont plus loin.<\/h2>\t\t\t\t<\/div>\n\t\t\t\t<\/div>\n\t\t\t\t<\/div>\n\t\t\t\t<\/div>\n\t\t","protected":false},"excerpt":{"rendered":"<p>Des valeurs fortes au service de votre r\u00e9ussite Au sein du groupe ID\u2011Ing\u00e9nierie\u2011TMD, nous mettons nos expertises int\u00e9gr\u00e9es et la synergie entre nos m\u00e9tiers au service de projets performants, durables et parfaitement ma\u00eetris\u00e9s.Notre ambition : offrir \u00e0 chaque client une exp\u00e9rience fond\u00e9e sur l\u2019innovation, l\u2019excellence et la fiabilit\u00e9. Nos \u00e9quipes avancent avec un \u00e9tat d\u2019esprit [&hellip;]<\/p>\n","protected":false},"author":1,"featured_media":0,"parent":0,"menu_order":0,"comment_status":"closed","ping_status":"closed","template":"","meta":{"_eb_attr":"","footnotes":""},"class_list":["post-264","page","type-page","status-publish","hentry"],"yoast_head":"<!-- This site is optimized with the Yoast SEO plugin v26.8 - https:\/\/yoast.com\/product\/yoast-seo-wordpress\/ -->\n<title>Nos valeurs - GROUPE ID-INGENIERIE-TMD<\/title>\n<meta name=\"robots\" content=\"noindex, follow, max-snippet:-1, max-image-preview:large, max-video-preview:-1\" \/>\n<meta property=\"og:locale\" content=\"fr_FR\" \/>\n<meta property=\"og:type\" content=\"article\" \/>\n<meta property=\"og:title\" content=\"Nos valeurs - GROUPE ID-INGENIERIE-TMD\" \/>\n<meta property=\"og:description\" content=\"Des valeurs fortes au service de votre r\u00e9ussite Au sein du groupe ID\u2011Ing\u00e9nierie\u2011TMD, nous mettons nos expertises int\u00e9gr\u00e9es et la synergie entre nos m\u00e9tiers au service de projets performants, durables et parfaitement ma\u00eetris\u00e9s.Notre ambition : offrir \u00e0 chaque client une exp\u00e9rience fond\u00e9e sur l\u2019innovation, l\u2019excellence et la fiabilit\u00e9. Nos \u00e9quipes avancent avec un \u00e9tat d\u2019esprit [&hellip;]\" \/>\n<meta property=\"og:url\" content=\"https:\/\/id-ingenierie-tmd.com\/index.php\/nos-valeurs\/\" \/>\n<meta property=\"og:site_name\" content=\"GROUPE ID-INGENIERIE-TMD\" \/>\n<meta property=\"article:modified_time\" content=\"2026-01-26T10:46:43+00:00\" \/>\n<meta name=\"twitter:card\" content=\"summary_large_image\" \/>\n<meta name=\"twitter:label1\" content=\"Dur\u00e9e de lecture estim\u00e9e\" \/>\n\t<meta name=\"twitter:data1\" content=\"2 minutes\" \/>\n<script type=\"application\/ld+json\" class=\"yoast-schema-graph\">{\"@context\":\"https:\/\/schema.org\",\"@graph\":[{\"@type\":\"WebPage\",\"@id\":\"https:\/\/id-ingenierie-tmd.com\/index.php\/nos-valeurs\/\",\"url\":\"https:\/\/id-ingenierie-tmd.com\/index.php\/nos-valeurs\/\",\"name\":\"Nos valeurs - GROUPE ID-INGENIERIE-TMD\",\"isPartOf\":{\"@id\":\"https:\/\/id-ingenierie-tmd.com\/#website\"},\"datePublished\":\"2026-01-26T10:06:08+00:00\",\"dateModified\":\"2026-01-26T10:46:43+00:00\",\"breadcrumb\":{\"@id\":\"https:\/\/id-ingenierie-tmd.com\/index.php\/nos-valeurs\/#breadcrumb\"},\"inLanguage\":\"fr-FR\",\"potentialAction\":[{\"@type\":\"ReadAction\",\"target\":[\"https:\/\/id-ingenierie-tmd.com\/index.php\/nos-valeurs\/\"]}]},{\"@type\":\"BreadcrumbList\",\"@id\":\"https:\/\/id-ingenierie-tmd.com\/index.php\/nos-valeurs\/#breadcrumb\",\"itemListElement\":[{\"@type\":\"ListItem\",\"position\":1,\"name\":\"Accueil\",\"item\":\"https:\/\/id-ingenierie-tmd.com\/\"},{\"@type\":\"ListItem\",\"position\":2,\"name\":\"Nos valeurs\"}]},{\"@type\":\"WebSite\",\"@id\":\"https:\/\/id-ingenierie-tmd.com\/#website\",\"url\":\"https:\/\/id-ingenierie-tmd.com\/\",\"name\":\"GROUPE ID-INGENIERIE-TMD\",\"description\":\"Votre vision. Notre ing\u00e9nierie. Un projet abouti.\",\"publisher\":{\"@id\":\"https:\/\/id-ingenierie-tmd.com\/#organization\"},\"potentialAction\":[{\"@type\":\"SearchAction\",\"target\":{\"@type\":\"EntryPoint\",\"urlTemplate\":\"https:\/\/id-ingenierie-tmd.com\/?s={search_term_string}\"},\"query-input\":{\"@type\":\"PropertyValueSpecification\",\"valueRequired\":true,\"valueName\":\"search_term_string\"}}],\"inLanguage\":\"fr-FR\"},{\"@type\":\"Organization\",\"@id\":\"https:\/\/id-ingenierie-tmd.com\/#organization\",\"name\":\"GROUPE ID-INGENIERIE-TMD\",\"url\":\"https:\/\/id-ingenierie-tmd.com\/\",\"logo\":{\"@type\":\"ImageObject\",\"inLanguage\":\"fr-FR\",\"@id\":\"https:\/\/id-ingenierie-tmd.com\/#\/schema\/logo\/image\/\",\"url\":\"https:\/\/id-ingenierie-tmd.com\/wp-content\/uploads\/2026\/01\/cropped-cropped-LOG-2-1-1.png\",\"contentUrl\":\"https:\/\/id-ingenierie-tmd.com\/wp-content\/uploads\/2026\/01\/cropped-cropped-LOG-2-1-1.png\",\"width\":410,\"height\":442,\"caption\":\"GROUPE ID-INGENIERIE-TMD\"},\"image\":{\"@id\":\"https:\/\/id-ingenierie-tmd.com\/#\/schema\/logo\/image\/\"}}]}<\/script>\n<!-- \/ Yoast SEO plugin. -->","yoast_head_json":{"title":"Nos valeurs - GROUPE ID-INGENIERIE-TMD","robots":{"index":"noindex","follow":"follow","max-snippet":"max-snippet:-1","max-image-preview":"max-image-preview:large","max-video-preview":"max-video-preview:-1"},"og_locale":"fr_FR","og_type":"article","og_title":"Nos valeurs - GROUPE ID-INGENIERIE-TMD","og_description":"Des valeurs fortes au service de votre r\u00e9ussite Au sein du groupe ID\u2011Ing\u00e9nierie\u2011TMD, nous mettons nos expertises int\u00e9gr\u00e9es et la synergie entre nos m\u00e9tiers au service de projets performants, durables et parfaitement ma\u00eetris\u00e9s.Notre ambition : offrir \u00e0 chaque client une exp\u00e9rience fond\u00e9e sur l\u2019innovation, l\u2019excellence et la fiabilit\u00e9. Nos \u00e9quipes avancent avec un \u00e9tat d\u2019esprit [&hellip;]","og_url":"https:\/\/id-ingenierie-tmd.com\/index.php\/nos-valeurs\/","og_site_name":"GROUPE ID-INGENIERIE-TMD","article_modified_time":"2026-01-26T10:46:43+00:00","twitter_card":"summary_large_image","twitter_misc":{"Dur\u00e9e de lecture estim\u00e9e":"2 minutes"},"schema":{"@context":"https:\/\/schema.org","@graph":[{"@type":"WebPage","@id":"https:\/\/id-ingenierie-tmd.com\/index.php\/nos-valeurs\/","url":"https:\/\/id-ingenierie-tmd.com\/index.php\/nos-valeurs\/","name":"Nos valeurs - GROUPE ID-INGENIERIE-TMD","isPartOf":{"@id":"https:\/\/id-ingenierie-tmd.com\/#website"},"datePublished":"2026-01-26T10:06:08+00:00","dateModified":"2026-01-26T10:46:43+00:00","breadcrumb":{"@id":"https:\/\/id-ingenierie-tmd.com\/index.php\/nos-valeurs\/#breadcrumb"},"inLanguage":"fr-FR","potentialAction":[{"@type":"ReadAction","target":["https:\/\/id-ingenierie-tmd.com\/index.php\/nos-valeurs\/"]}]},{"@type":"BreadcrumbList","@id":"https:\/\/id-ingenierie-tmd.com\/index.php\/nos-valeurs\/#breadcrumb","itemListElement":[{"@type":"ListItem","position":1,"name":"Accueil","item":"https:\/\/id-ingenierie-tmd.com\/"},{"@type":"ListItem","position":2,"name":"Nos valeurs"}]},{"@type":"WebSite","@id":"https:\/\/id-ingenierie-tmd.com\/#website","url":"https:\/\/id-ingenierie-tmd.com\/","name":"GROUPE ID-INGENIERIE-TMD","description":"Votre vision. Notre ing\u00e9nierie. Un projet abouti.","publisher":{"@id":"https:\/\/id-ingenierie-tmd.com\/#organization"},"potentialAction":[{"@type":"SearchAction","target":{"@type":"EntryPoint","urlTemplate":"https:\/\/id-ingenierie-tmd.com\/?s={search_term_string}"},"query-input":{"@type":"PropertyValueSpecification","valueRequired":true,"valueName":"search_term_string"}}],"inLanguage":"fr-FR"},{"@type":"Organization","@id":"https:\/\/id-ingenierie-tmd.com\/#organization","name":"GROUPE ID-INGENIERIE-TMD","url":"https:\/\/id-ingenierie-tmd.com\/","logo":{"@type":"ImageObject","inLanguage":"fr-FR","@id":"https:\/\/id-ingenierie-tmd.com\/#\/schema\/logo\/image\/","url":"https:\/\/id-ingenierie-tmd.com\/wp-content\/uploads\/2026\/01\/cropped-cropped-LOG-2-1-1.png","contentUrl":"https:\/\/id-ingenierie-tmd.com\/wp-content\/uploads\/2026\/01\/cropped-cropped-LOG-2-1-1.png","width":410,"height":442,"caption":"GROUPE ID-INGENIERIE-TMD"},"image":{"@id":"https:\/\/id-ingenierie-tmd.com\/#\/schema\/logo\/image\/"}}]}},"_links":{"self":[{"href":"https:\/\/id-ingenierie-tmd.com\/index.php\/wp-json\/wp\/v2\/pages\/264","targetHints":{"allow":["GET"]}}],"collection":[{"href":"https:\/\/id-ingenierie-tmd.com\/index.php\/wp-json\/wp\/v2\/pages"}],"about":[{"href":"https:\/\/id-ingenierie-tmd.com\/index.php\/wp-json\/wp\/v2\/types\/page"}],"author":[{"embeddable":true,"href":"https:\/\/id-ingenierie-tmd.com\/index.php\/wp-json\/wp\/v2\/users\/1"}],"replies":[{"embeddable":true,"href":"https:\/\/id-ingenierie-tmd.com\/index.php\/wp-json\/wp\/v2\/comments?post=264"}],"version-history":[{"count":10,"href":"https:\/\/id-ingenierie-tmd.com\/index.php\/wp-json\/wp\/v2\/pages\/264\/revisions"}],"predecessor-version":[{"id":276,"href":"https:\/\/id-ingenierie-tmd.com\/index.php\/wp-json\/wp\/v2\/pages\/264\/revisions\/276"}],"wp:attachment":[{"href":"https:\/\/id-ingenierie-tmd.com\/index.php\/wp-json\/wp\/v2\/media?parent=264"}],"curies":[{"name":"wp","href":"https:\/\/api.w.org\/{rel}","templated":true}]}}